{"id":843,"date":"2025-01-16T11:05:33","date_gmt":"2025-01-16T11:05:33","guid":{"rendered":"https:\/\/skydream.lv\/wp-site\/?page_id=843"},"modified":"2025-12-23T10:31:54","modified_gmt":"2025-12-23T10:31:54","slug":"musu-tehnologijas","status":"publish","type":"page","link":"https:\/\/skydream.lv\/lv\/musu-tehnologijas\/","title":{"rendered":"M\u016bsu standarti"},"content":{"rendered":"\r\n\t<section id=\"block_bdb4825005c63f83e273383241f8d1ff\" class=\"section-title \">\r\n\t\t<div class=\"wrapper py-section\">\r\n            <div class=\"max-w-668 mx-auto lg:text-center\">\r\n                <h1 class=\"display-h3 leading-[110%] md:display-h2 lg:display-h1\">\r\n                    M\u016bsu standarti                <\/h1>\r\n\r\n                                <p class=\"mt-6 md:mt-8 text-18\/[140%] tracking-3%\">\r\n                    Zin\u0101\u0161anas, pieredze, jaun\u0101k\u0101s tehnolo\u0123ijas un augsts apkalpo\u0161anas l\u012bmenis \u2014 galvenie v\u0101rdi, kas raksturo zob\u0101rstniec\u012bbas un est\u0113tisk\u0101s medic\u012bnas kl\u012bniku &#8220;Sky Dream Clinic&#8221;.                <\/p>\r\n                            <\/div>\r\n\r\n\t\t<\/div>\r\n\t<\/section>\r\n\r\n\n\n\r\n\t<section id=\"block_a163f33f2a3163b120ab01298b47944d\" class=\"section-alternating-grid overflow-hidden \">\r\n                        <div class=\"wrapper py-16 lg:py-0\">\r\n                    <div class=\"grid grid-cols-1 lg:grid-cols-2 gap-x-6 items-center md:flex-row  relative\">\r\n\r\n                        <div class=\"order-1 lg:w-[82.76%] lg:max-w-[533px]   \">\r\n                            <div>\r\n                                                                <h2 class=\"text-60 font-medium font-display display-h3 lg:display-h2 leading-[110%]\">\r\n                                    M\u016bsu filozofija                                <\/h2>\r\n                                                                                                    <div class=\"pb-6 mt-6 md:mt-8 wysiwyg-block space-y-4\">\r\n                                        <p>Zob\u0101rstniec\u012bbas kl\u012bnik\u0101 &#8220;Sky Dream Clinic&#8221; m\u0113s veidojam savu filozofiju uz zin\u0101\u0161anu, pieredzes un m\u016bsdienu tehnolo\u0123iju pamata. M\u0113s piev\u0113r\u0161am \u012bpa\u0161u uzman\u012bbu kvalit\u0101tes diagnostikai, kas \u013cauj prec\u012bzi nov\u0113rt\u0113t pacienta st\u0101vokli un izstr\u0101d\u0101t personaliz\u0113tu \u0101rst\u0113\u0161anas pl\u0101nu. Nodro\u0161inot augstu apkalpo\u0161anas l\u012bmeni, m\u0113s r\u016bp\u0113jamies par katru pacientu un pied\u0101v\u0101jam individu\u0101lu pieeju. M\u016bsu m\u0113r\u0137is ir rad\u012bt komfortablu vidi, kur\u0101 zobu \u0101rst\u0113\u0161ana ir ne tikai efekt\u012bva, bet ar\u012b pat\u012bkama pieredze.<\/p>\n                                    <\/div>\r\n                                                            <\/div>\r\n                        <\/div>\r\n\r\n                        <div class=\"-mx-4 md:-mx-8 mt-8 md:mt-10 lg:mt-0 order-2 lg:-ml-3 lg:-mr-15\">\r\n                            <div class=\"relative pb-[89.33%] md:pb-[83.85%] lg:pb-[89.5%]\">\r\n                                                                    <img loading=\"lazy\" decoding=\"async\" width=\"1440\" height=\"1286\" src=\"https:\/\/skydream.lv\/wp-content\/uploads\/2025\/07\/our-method-philosophy.jpg\" class=\"absolute inset-0 object-cover object-center size-full\" alt=\"\" srcset=\"https:\/\/skydream.lv\/wp-content\/uploads\/2025\/07\/our-method-philosophy.jpg 1440w, https:\/\/skydream.lv\/wp-content\/uploads\/2025\/07\/our-method-philosophy-300x268.jpg 300w, https:\/\/skydream.lv\/wp-content\/uploads\/2025\/07\/our-method-philosophy-1024x914.jpg 1024w, https:\/\/skydream.lv\/wp-content\/uploads\/2025\/07\/our-method-philosophy-768x686.jpg 768w\" sizes=\"auto, (max-width: 1440px) 100vw, 1440px\" \/>                                                            <\/div>\r\n                        <\/div>\r\n\r\n                    <\/div>\r\n                <\/div>\r\n                        <div class=\"wrapper py-16 lg:py-0\">\r\n                    <div class=\"grid grid-cols-1 lg:grid-cols-2 gap-x-6 items-center md:flex-row  relative\">\r\n\r\n                        <div class=\"order-1 lg:w-[82.76%] lg:max-w-[533px] lg:order-2 lg:ml-[8.07%] \">\r\n                            <div>\r\n                                                                <h2 class=\"text-60 font-medium font-display display-h3 lg:display-h2 leading-[110%]\">\r\n                                    Kvalific\u0113ti speci\u0101listi                                <\/h2>\r\n                                                                                                    <div class=\"pb-6 mt-6 md:mt-8 wysiwyg-block space-y-4\">\r\n                                        <p>M\u0113s lepojamies ar to, ka m\u016bsu kl\u012bnik\u0101 str\u0101d\u0101 augsta l\u012bme\u0146a \u0101rstniec\u012bbas speci\u0101listi ar augstu kvalifik\u0101ciju un iev\u0113rojamu pieredzi zob\u0101rstniec\u012bb\u0101. Visi m\u016bsu darbinieki nep\u0101rtraukti pilnveido savas prasmes, piedaloties semin\u0101ros un apm\u0101c\u012bb\u0101s, lai pied\u0101v\u0101tu m\u016bsu pacientiem vismodern\u0101k\u0101s \u0101rst\u0113\u0161anas metodes. M\u0113s esam p\u0101rliecin\u0101ti, ka m\u016bsu speci\u0101listu profesionalit\u0101te garant\u0113 augstu kvalit\u0101ti un dro\u0161\u012bbu medic\u012bnas pakalpojumos. <\/p>\n                                    <\/div>\r\n                                                            <\/div>\r\n                        <\/div>\r\n\r\n                        <div class=\"-mx-4 md:-mx-8 mt-8 md:mt-10 lg:mt-0 order-2 lg:order-1 lg:-mr-3 lg:-ml-15\">\r\n                            <div class=\"relative pb-[89.33%] md:pb-[83.85%] lg:pb-[89.5%]\">\r\n                                                                    <img loading=\"lazy\" decoding=\"async\" width=\"1440\" height=\"1286\" src=\"https:\/\/skydream.lv\/wp-content\/uploads\/2025\/07\/our-method-qualified-specialist.jpg\" class=\"absolute inset-0 object-cover object-center size-full\" alt=\"\" srcset=\"https:\/\/skydream.lv\/wp-content\/uploads\/2025\/07\/our-method-qualified-specialist.jpg 1440w, https:\/\/skydream.lv\/wp-content\/uploads\/2025\/07\/our-method-qualified-specialist-300x268.jpg 300w, https:\/\/skydream.lv\/wp-content\/uploads\/2025\/07\/our-method-qualified-specialist-1024x914.jpg 1024w, https:\/\/skydream.lv\/wp-content\/uploads\/2025\/07\/our-method-qualified-specialist-768x686.jpg 768w\" sizes=\"auto, (max-width: 1440px) 100vw, 1440px\" \/>                                                            <\/div>\r\n                        <\/div>\r\n\r\n                    <\/div>\r\n                <\/div>\r\n                        <div class=\"wrapper py-16 lg:py-0\">\r\n                    <div class=\"grid grid-cols-1 lg:grid-cols-2 gap-x-6 items-center md:flex-row  relative\">\r\n\r\n                        <div class=\"order-1 lg:w-[82.76%] lg:max-w-[533px]   \">\r\n                            <div>\r\n                                                                <h2 class=\"text-60 font-medium font-display display-h3 lg:display-h2 leading-[110%]\">\r\n                                    Tehnolo\u0123ijas, kuras m\u0113s izmantojam                                <\/h2>\r\n                                                                                                    <div class=\"pb-6 mt-6 md:mt-8 wysiwyg-block space-y-4\">\r\n                                        <p>M\u016bsu kl\u012bnik\u0101 m\u0113s izmantojam modern\u0101s tehnolo\u0123ijas, lai nodro\u0161in\u0101tu maksim\u0101li efekt\u012bvu un komfortablu \u0101rst\u0113\u0161anu katram pacientam. M\u0113s past\u0101v\u012bgi inov\u0113jam apr\u012bkojumu un ievie\u0161am jaunas metodes, lai garant\u0113tu augstas kvalit\u0101tes pakalpojumus.<\/p>\n                                    <\/div>\r\n                                                            <\/div>\r\n                        <\/div>\r\n\r\n                        <div class=\"-mx-4 md:-mx-8 mt-8 md:mt-10 lg:mt-0 order-2 lg:-ml-3 lg:-mr-15\">\r\n                            <div class=\"relative pb-[89.33%] md:pb-[83.85%] lg:pb-[89.5%]\">\r\n                                                            <\/div>\r\n                        <\/div>\r\n\r\n                    <\/div>\r\n                <\/div>\r\n                        <div class=\"wrapper py-16 lg:py-0\">\r\n                    <div class=\"grid grid-cols-1 lg:grid-cols-2 gap-x-6 items-center md:flex-row  relative\">\r\n\r\n                        <div class=\"order-1 lg:w-[82.76%] lg:max-w-[533px] lg:order-2 lg:ml-[8.07%] \">\r\n                            <div>\r\n                                                                <h2 class=\"text-60 font-medium font-display display-h3 lg:display-h2 leading-[110%]\">\r\n                                    Zobu tehnisk\u0101 laboratorija                                <\/h2>\r\n                                                                                                    <div class=\"pb-6 mt-6 md:mt-8 wysiwyg-block space-y-4\">\r\n                                        <p>Viens no svar\u012bg\u0101kajiem &#8220;Sky Dream Clinic&#8221; ieguvumiem ir pa\u0161u digit\u0101l\u0101 zobu tehnisk\u0101 laboratorija, kur\u0101 izgatavo ven\u012brus, kron\u012b\u0161us, \u012bpa\u0161as kapes un \u0137irur\u0123iskos gidus. Tas \u013cauj \u0101rstam tie\u0161i kontrol\u0113t laboratorijas ra\u017eojuma kvalit\u0101ti, iev\u0113rojami samazinot laiku prot\u0113\u017eu izgatavo\u0161anai un samazinot pacienta viz\u012b\u0161u skaitu pie zob\u0101rsta. Pateicoties \u0161ai pieejai, m\u0113s varam nodro\u0161in\u0101t efekt\u012bv\u0101ku un komfortabl\u0101ku \u0101rst\u0113\u0161anu m\u016bsu pacientiem.  <\/p>\n                                    <\/div>\r\n                                                            <\/div>\r\n                        <\/div>\r\n\r\n                        <div class=\"-mx-4 md:-mx-8 mt-8 md:mt-10 lg:mt-0 order-2 lg:order-1 lg:-mr-3 lg:-ml-15\">\r\n                            <div class=\"relative pb-[89.33%] md:pb-[83.85%] lg:pb-[89.5%]\">\r\n                                                                    <img loading=\"lazy\" decoding=\"async\" width=\"1147\" height=\"1145\" src=\"https:\/\/skydream.lv\/wp-content\/uploads\/2025\/12\/IMG_5390.jpeg\" class=\"absolute inset-0 object-cover object-center size-full\" alt=\"\" srcset=\"https:\/\/skydream.lv\/wp-content\/uploads\/2025\/12\/IMG_5390.jpeg 1147w, https:\/\/skydream.lv\/wp-content\/uploads\/2025\/12\/IMG_5390-300x300.jpeg 300w, https:\/\/skydream.lv\/wp-content\/uploads\/2025\/12\/IMG_5390-1024x1022.jpeg 1024w, https:\/\/skydream.lv\/wp-content\/uploads\/2025\/12\/IMG_5390-150x150.jpeg 150w, https:\/\/skydream.lv\/wp-content\/uploads\/2025\/12\/IMG_5390-768x767.jpeg 768w\" sizes=\"auto, (max-width: 1147px) 100vw, 1147px\" \/>                                                            <\/div>\r\n                        <\/div>\r\n\r\n                    <\/div>\r\n                <\/div>\r\n                        <div class=\"wrapper py-16 lg:py-0\">\r\n                    <div class=\"grid grid-cols-1 lg:grid-cols-2 gap-x-6 items-center md:flex-row  relative\">\r\n\r\n                        <div class=\"order-1 lg:w-[82.76%] lg:max-w-[533px]   \">\r\n                            <div>\r\n                                                                                            <\/div>\r\n                        <\/div>\r\n\r\n                        <div class=\"-mx-4 md:-mx-8 mt-8 md:mt-10 lg:mt-0 order-2 lg:-ml-3 lg:-mr-15\">\r\n                            <div class=\"relative pb-[89.33%] md:pb-[83.85%] lg:pb-[89.5%]\">\r\n                                                            <\/div>\r\n                        <\/div>\r\n\r\n                    <\/div>\r\n                <\/div>\r\n        <!--        -->\t<\/section>\r\n\r\n\n\n\r\n\r\n    <section id=\"block_ec8a0280085c14f568f4583293c7d0be\" class=\"relative \">\r\n\r\n        <div class=\"absolute inset-0 w-full h-full\">\r\n<!--            DESKTOP-->\r\n            <svg class=\"w-full h-full hidden lg:block\"\r\n                 viewBox=\"0 0 1920 682\"\r\n                 preserveAspectRatio=\"none\" fill=\"none\" xmlns=\"http:\/\/www.w3.org\/2000\/svg\">\r\n                <path d=\"M1920 0C1376.36 264.318 492.896 60.8439 0 287V682H1920V0Z\" fill=\"#D2E8FF\"\/>\r\n            <\/svg>\r\n\r\n<!--            TABLET-->\r\n            <svg xmlns=\"http:\/\/www.w3.org\/2000\/svg\"\r\n                 class=\"w-full h-full hidden md:block lg:hidden\"\r\n                 preserveAspectRatio=\"none\"\r\n                 viewBox=\"0 0 768 789\" fill=\"none\">\r\n                <path d=\"M768 789H0L0 99.5991C228.743 51.8451 480.075 138.485 768 0V789Z\" fill=\"#D2E8FF\"\/>\r\n            <\/svg>\r\n\r\n<!--            MOBILE-->\r\n            <svg xmlns=\"http:\/\/www.w3.org\/2000\/svg\"\r\n                 class=\"w-full h-full block md:hidden\"\r\n                 preserveAspectRatio=\"none\"\r\n                 viewBox=\"0 0 375 813\" fill=\"none\">\r\n                <path d=\"M375 813V0C240.844 78.8844 127.124 1.93939 0 85.995V813H375Z\" fill=\"#D2E8FF\"\/>\r\n            <\/svg>\r\n        <\/div>\r\n\r\n        <div class=\"wrapper relative grid items-end grid-cols-1 lg:grid-cols-2 gap-x-6 pt-[105px] md:pt-[130px] lg:pt-0\">\r\n            <div class=\"pb-24\">\r\n                <h2 class=\"text-30 font-medium sm:display-h3 leading-[110%] md:col-span-12\">\r\n\t\t\t\t\tPieraksties uz konsult\u0101ciju                <\/h2>\r\n\t\t\t\t                    <p class=\"mt-6 lg:mt-8 text-18\/[140%] tracking-3% md:w-7\/12 lg:w-full\">\r\n\t\t\t\t\t\tPierakstieties uz konsult\u0101ciju. Pl\u0101nojat viz\u012bti pie zob\u0101rsta, bet nezin\u0101t, ar ko s\u0101kt? Pierakstieties uz konsult\u0101ciju pirms \u0101rst\u0113\u0161anas un sa\u0146emiet atbildes uz visiem jums interes\u0113jo\u0161ajiem jaut\u0101jumiem. M\u0113s izskaidrosim jums, k\u0101das ir nepiecie\u0161am\u0101s proced\u016bras, un pal\u012bdz\u0113sim jums spert pirmo soli ce\u013c\u0101 uz vesel\u012bgu smaidu!                    <\/p>\r\n\t\t\t\t\r\n                <div class=\"mt-10 md:mt-6 lg:mt-16 flex\">\r\n\t\t\t\t\t            <a href=\"#\"\n            class=\"group py-[7px] pl-6 pr-[7px] border border-blue-800 flex items-center rounded-full bg-blue-800 text-white-600 w-full md:w-auto appointment-button \"\n        >\n            <span class=\"text-base font-medium tracking-2% w-full\">\n           Pierakst\u012bties        <\/span>\n        <span class=\" flex relative rounded-full shrink-0 overflow-hidden size-10 ml-6 bg-white stroke-blue-800\">\n            <span class=\"block transition-transform duration-300 size-full relative group-hover:translate-x-[40px]\">\n                <svg width=\"40\" height=\"40\" viewBox=\"0 0 40 40\" fill=\"none\" xmlns=\"http:\/\/www.w3.org\/2000\/svg\">\n                    <path class=\"stroke-inherit\" d=\"M20 28L28 20L20 12\"  stroke-linecap=\"round\" stroke-linejoin=\"round\"\/>\n                    <path class=\"stroke-inherit\" d=\"M12 20H28\"  stroke-linecap=\"round\" stroke-linejoin=\"round\"\/>\n                <\/svg>\n            <\/span>\n            <span class=\"block transition-transform duration-300 size-full absolute -translate-x-[40px] group-hover:translate-x-[0px]\">\n                <svg width=\"40\" height=\"40\" viewBox=\"0 0 40 40\" fill=\"none\" xmlns=\"http:\/\/www.w3.org\/2000\/svg\">\n                    <path class=\"stroke-inherit\" d=\"M20 28L28 20L20 12\"  stroke-linecap=\"round\" stroke-linejoin=\"round\"\/>\n                    <path class=\"stroke-inherit\" d=\"M12 20H28\"  stroke-linecap=\"round\" stroke-linejoin=\"round\"\/>\n                <\/svg>\n            <\/span>\n        <\/span>\n    \t        <\/a>\n    \n\n\t                <\/div>\r\n            <\/div>\r\n            <div class=\"w-full max-w-[400px] mx-auto lg:max-w-[unset]\">\r\n                <div class=\"relative w-full pb-[106.99%] md:pb-[107.16%] lg:pb-[95.85%]\">\r\n\t\t\t\t\t<img loading=\"lazy\" decoding=\"async\" width=\"1013\" height=\"971\" src=\"https:\/\/skydream.lv\/wp-content\/uploads\/2025\/07\/5-Register-for-consultation-all-pages.png\" class=\"absolute inset-0 size-full object-cover object-top\" alt=\"\" srcset=\"https:\/\/skydream.lv\/wp-content\/uploads\/2025\/07\/5-Register-for-consultation-all-pages.png 1013w, https:\/\/skydream.lv\/wp-content\/uploads\/2025\/07\/5-Register-for-consultation-all-pages-300x288.png 300w, https:\/\/skydream.lv\/wp-content\/uploads\/2025\/07\/5-Register-for-consultation-all-pages-768x736.png 768w\" sizes=\"auto, (max-width: 1013px) 100vw, 1013px\" \/>                <\/div>\r\n\r\n            <\/div>\r\n\r\n        <\/div>\r\n\r\n<!--        <div class=\"absolute w-full \">-->\r\n<!--            <svg class=\"w-full h-full\" viewBox=\"0 0 1920 682\" fill=\"none\" xmlns=\"http:\/\/www.w3.org\/2000\/svg\">-->\r\n<!--                <path d=\"M1920 0C1376.36 264.318 492.896 60.8439 0 287V682H1920V0Z\" fill=\"#D2E8FF\"\/>-->\r\n<!--            <\/svg>-->\r\n<!--        <\/div>-->\r\n    <\/section>\r\n\r\n\n\n\n<p><\/p>\n","protected":false},"excerpt":{"rendered":"","protected":false},"author":1,"featured_media":0,"parent":0,"menu_order":0,"comment_status":"closed","ping_status":"closed","template":"template-page.php","meta":{"_acf_changed":false,"footnotes":""},"class_list":["post-843","page","type-page","status-publish","hentry"],"acf":[],"yoast_head":"<!-- This site is optimized with the Yoast SEO plugin v26.2 - https:\/\/yoast.com\/wordpress\/plugins\/seo\/ -->\n<title>Zob\u0101rstniec\u012bba | stomatolo\u0123ija | stomatolo\u0123isk\u0101 kl\u012bnika<\/title>\n<meta name=\"description\" content=\"Darbs zob\u0101rstniec\u012bbas un est\u0113tisk\u0101s medic\u012bnas kl\u012bnik\u0101 \u201eSky Dream Clinic\u201d ir organiz\u0113ts t\u0101, lai nodro\u0161in\u0101tu komfortablu un dro\u0161u \u0101rst\u0113\u0161anu, iev\u0113rojot visaugst\u0101kos m\u016bsdienu standartus.\" \/>\n<meta name=\"robots\" content=\"index, follow, max-snippet:-1, max-image-preview:large, max-video-preview:-1\" \/>\n<link rel=\"canonical\" href=\"https:\/\/skydream.lv\/lv\/musu-tehnologijas\/\" \/>\n<meta property=\"og:locale\" content=\"lv_LV\" \/>\n<meta property=\"og:type\" content=\"article\" \/>\n<meta property=\"og:title\" content=\"Zob\u0101rstniec\u012bba | stomatolo\u0123ija | stomatolo\u0123isk\u0101 kl\u012bnika\" \/>\n<meta property=\"og:description\" content=\"Darbs zob\u0101rstniec\u012bbas un est\u0113tisk\u0101s medic\u012bnas kl\u012bnik\u0101 \u201eSky Dream Clinic\u201d ir organiz\u0113ts t\u0101, lai nodro\u0161in\u0101tu komfortablu un dro\u0161u \u0101rst\u0113\u0161anu, iev\u0113rojot visaugst\u0101kos m\u016bsdienu standartus.\" \/>\n<meta property=\"og:url\" content=\"https:\/\/skydream.lv\/lv\/musu-tehnologijas\/\" \/>\n<meta property=\"og:site_name\" content=\"sky-dream\" \/>\n<meta property=\"article:modified_time\" content=\"2025-12-23T10:31:54+00:00\" \/>\n<meta name=\"twitter:card\" content=\"summary_large_image\" \/>\n<meta name=\"twitter:label1\" content=\"Est. reading time\" \/>\n\t<meta name=\"twitter:data1\" content=\"3 minutes\" \/>\n<script type=\"application\/ld+json\" class=\"yoast-schema-graph\">{\"@context\":\"https:\/\/schema.org\",\"@graph\":[{\"@type\":\"WebPage\",\"@id\":\"https:\/\/skydream.lv\/lv\/musu-tehnologijas\/\",\"url\":\"https:\/\/skydream.lv\/lv\/musu-tehnologijas\/\",\"name\":\"Zob\u0101rstniec\u012bba | stomatolo\u0123ija | stomatolo\u0123isk\u0101 kl\u012bnika\",\"isPartOf\":{\"@id\":\"https:\/\/skydream.lv\/lv\/#website\"},\"datePublished\":\"2025-01-16T11:05:33+00:00\",\"dateModified\":\"2025-12-23T10:31:54+00:00\",\"description\":\"Darbs zob\u0101rstniec\u012bbas un est\u0113tisk\u0101s medic\u012bnas kl\u012bnik\u0101 \u201eSky Dream Clinic\u201d ir organiz\u0113ts t\u0101, lai nodro\u0161in\u0101tu komfortablu un dro\u0161u \u0101rst\u0113\u0161anu, iev\u0113rojot visaugst\u0101kos m\u016bsdienu standartus.\",\"breadcrumb\":{\"@id\":\"https:\/\/skydream.lv\/lv\/musu-tehnologijas\/#breadcrumb\"},\"inLanguage\":\"lv-LV\",\"potentialAction\":[{\"@type\":\"ReadAction\",\"target\":[\"https:\/\/skydream.lv\/lv\/musu-tehnologijas\/\"]}]},{\"@type\":\"BreadcrumbList\",\"@id\":\"https:\/\/skydream.lv\/lv\/musu-tehnologijas\/#breadcrumb\",\"itemListElement\":[{\"@type\":\"ListItem\",\"position\":1,\"name\":\"Home\",\"item\":\"https:\/\/skydream.lv\/lv\/\"},{\"@type\":\"ListItem\",\"position\":2,\"name\":\"M\u016bsu standarti\"}]},{\"@type\":\"WebSite\",\"@id\":\"https:\/\/skydream.lv\/lv\/#website\",\"url\":\"https:\/\/skydream.lv\/lv\/\",\"name\":\"sky-dream\",\"description\":\"\",\"potentialAction\":[{\"@type\":\"SearchAction\",\"target\":{\"@type\":\"EntryPoint\",\"urlTemplate\":\"https:\/\/skydream.lv\/lv\/?s={search_term_string}\"},\"query-input\":{\"@type\":\"PropertyValueSpecification\",\"valueRequired\":true,\"valueName\":\"search_term_string\"}}],\"inLanguage\":\"lv-LV\"}]}<\/script>\n<!-- \/ Yoast SEO plugin. -->","yoast_head_json":{"title":"Zob\u0101rstniec\u012bba | stomatolo\u0123ija | stomatolo\u0123isk\u0101 kl\u012bnika","description":"Darbs zob\u0101rstniec\u012bbas un est\u0113tisk\u0101s medic\u012bnas kl\u012bnik\u0101 \u201eSky Dream Clinic\u201d ir organiz\u0113ts t\u0101, lai nodro\u0161in\u0101tu komfortablu un dro\u0161u \u0101rst\u0113\u0161anu, iev\u0113rojot visaugst\u0101kos m\u016bsdienu standartus.","robots":{"index":"index","follow":"follow","max-snippet":"max-snippet:-1","max-image-preview":"max-image-preview:large","max-video-preview":"max-video-preview:-1"},"canonical":"https:\/\/skydream.lv\/lv\/musu-tehnologijas\/","og_locale":"lv_LV","og_type":"article","og_title":"Zob\u0101rstniec\u012bba | stomatolo\u0123ija | stomatolo\u0123isk\u0101 kl\u012bnika","og_description":"Darbs zob\u0101rstniec\u012bbas un est\u0113tisk\u0101s medic\u012bnas kl\u012bnik\u0101 \u201eSky Dream Clinic\u201d ir organiz\u0113ts t\u0101, lai nodro\u0161in\u0101tu komfortablu un dro\u0161u \u0101rst\u0113\u0161anu, iev\u0113rojot visaugst\u0101kos m\u016bsdienu standartus.","og_url":"https:\/\/skydream.lv\/lv\/musu-tehnologijas\/","og_site_name":"sky-dream","article_modified_time":"2025-12-23T10:31:54+00:00","twitter_card":"summary_large_image","twitter_misc":{"Est. reading time":"3 minutes"},"schema":{"@context":"https:\/\/schema.org","@graph":[{"@type":"WebPage","@id":"https:\/\/skydream.lv\/lv\/musu-tehnologijas\/","url":"https:\/\/skydream.lv\/lv\/musu-tehnologijas\/","name":"Zob\u0101rstniec\u012bba | stomatolo\u0123ija | stomatolo\u0123isk\u0101 kl\u012bnika","isPartOf":{"@id":"https:\/\/skydream.lv\/lv\/#website"},"datePublished":"2025-01-16T11:05:33+00:00","dateModified":"2025-12-23T10:31:54+00:00","description":"Darbs zob\u0101rstniec\u012bbas un est\u0113tisk\u0101s medic\u012bnas kl\u012bnik\u0101 \u201eSky Dream Clinic\u201d ir organiz\u0113ts t\u0101, lai nodro\u0161in\u0101tu komfortablu un dro\u0161u \u0101rst\u0113\u0161anu, iev\u0113rojot visaugst\u0101kos m\u016bsdienu standartus.","breadcrumb":{"@id":"https:\/\/skydream.lv\/lv\/musu-tehnologijas\/#breadcrumb"},"inLanguage":"lv-LV","potentialAction":[{"@type":"ReadAction","target":["https:\/\/skydream.lv\/lv\/musu-tehnologijas\/"]}]},{"@type":"BreadcrumbList","@id":"https:\/\/skydream.lv\/lv\/musu-tehnologijas\/#breadcrumb","itemListElement":[{"@type":"ListItem","position":1,"name":"Home","item":"https:\/\/skydream.lv\/lv\/"},{"@type":"ListItem","position":2,"name":"M\u016bsu standarti"}]},{"@type":"WebSite","@id":"https:\/\/skydream.lv\/lv\/#website","url":"https:\/\/skydream.lv\/lv\/","name":"sky-dream","description":"","potentialAction":[{"@type":"SearchAction","target":{"@type":"EntryPoint","urlTemplate":"https:\/\/skydream.lv\/lv\/?s={search_term_string}"},"query-input":{"@type":"PropertyValueSpecification","valueRequired":true,"valueName":"search_term_string"}}],"inLanguage":"lv-LV"}]}},"_links":{"self":[{"href":"https:\/\/skydream.lv\/lv\/wp-json\/wp\/v2\/pages\/843","targetHints":{"allow":["GET"]}}],"collection":[{"href":"https:\/\/skydream.lv\/lv\/wp-json\/wp\/v2\/pages"}],"about":[{"href":"https:\/\/skydream.lv\/lv\/wp-json\/wp\/v2\/types\/page"}],"author":[{"embeddable":true,"href":"https:\/\/skydream.lv\/lv\/wp-json\/wp\/v2\/users\/1"}],"replies":[{"embeddable":true,"href":"https:\/\/skydream.lv\/lv\/wp-json\/wp\/v2\/comments?post=843"}],"version-history":[{"count":13,"href":"https:\/\/skydream.lv\/lv\/wp-json\/wp\/v2\/pages\/843\/revisions"}],"predecessor-version":[{"id":8179,"href":"https:\/\/skydream.lv\/lv\/wp-json\/wp\/v2\/pages\/843\/revisions\/8179"}],"wp:attachment":[{"href":"https:\/\/skydream.lv\/lv\/wp-json\/wp\/v2\/media?parent=843"}],"curies":[{"name":"wp","href":"https:\/\/api.w.org\/{rel}","templated":true}]}}