{"id":4800,"date":"2025-02-04T09:45:37","date_gmt":"2025-02-04T09:45:37","guid":{"rendered":"https:\/\/skydream.lv\/wp-site\/special-offers\/"},"modified":"2025-10-29T08:03:43","modified_gmt":"2025-10-29T08:03:43","slug":"specialie-piedavajumi","status":"publish","type":"page","link":"https:\/\/skydream.lv\/lv\/specialie-piedavajumi\/","title":{"rendered":"Special offers"},"content":{"rendered":"\r\n\t<section id=\"block_034d5a944e6f6826eacd679cf07b9e24\" class=\"section-title \">\r\n\t\t<div class=\"wrapper py-section\">\r\n            <div class=\"max-w-668 mx-auto lg:text-center\">\r\n                <h1 class=\"display-h3 leading-[110%] md:display-h2 lg:display-h1\">\r\n                    \u012apa\u0161i pied\u0101v\u0101jumi                <\/h1>\r\n\r\n                            <\/div>\r\n\r\n\t\t<\/div>\r\n\t<\/section>\r\n\r\n\n\n\r\n\t<section id=\"block_23bb54c4706864b25775d9bb03f7e1e0\" class=\"section-offers-list \">\r\n        <div class=\"wrapper pb-16 lg:pb-24\">\r\n            <div class=\"space-y-6 lg:space-y-16\">\r\n\t\t\t\t                        <div class=\"grid grid-cols-1 md:grid-cols-2 gap-x-6 bg-white border border-grey-400 rounded-3xl overflow-hidden items-center p-4 md:p-0\">\r\n                            <div class=\"relative w-full pb-[77.63%] rounded-[12px] md:rounded-none mb-8 md:mb-0 h-full\">\r\n\t\t\t\t\t\t\t\t<img loading=\"lazy\" decoding=\"async\" width=\"1288\" height=\"1000\" src=\"https:\/\/skydream.lv\/wp-content\/uploads\/2025\/10\/15990-E-3-1.png\" class=\"absolute inset-0 object-cover size-full\" alt=\"\" srcset=\"https:\/\/skydream.lv\/wp-content\/uploads\/2025\/10\/15990-E-3-1.png 1288w, https:\/\/skydream.lv\/wp-content\/uploads\/2025\/10\/15990-E-3-1-300x233.png 300w, https:\/\/skydream.lv\/wp-content\/uploads\/2025\/10\/15990-E-3-1-1024x795.png 1024w, https:\/\/skydream.lv\/wp-content\/uploads\/2025\/10\/15990-E-3-1-768x596.png 768w\" sizes=\"auto, (max-width: 1288px) 100vw, 1288px\" \/>                            <\/div>\r\n\r\n                            <div>\r\n                                <h2 class=\"display-h3 leading-[110%] lg:display-h2 text-center lg:text-left\">\r\n\t\t\t\t\t\t\t\t\tSPA proced\u016bra zobiem                                <\/h2>\r\n\t\t\t\t\t\t\t\t                                    <p class=\"mt-6 md:mt-8 text-18\/[140%] tracking-3% \">\r\n\t\t\t\t\t\t\t\t\t\tPied\u0101v\u0101jums sp\u0113k\u0101:\t\t\t\t\t\t\t\t\t\t22\/10\/2025 &#8211; 31\/08\/2026                                    <\/p>\r\n\t\t\t\t\t\t\t\t                                <div class=\"flex mt-6 md:mt-8\">\r\n\t\t\t\t\t\t\t\t\t            <a href=\"https:\/\/skydream.lv\/lv\/special-offers\/profesionala-zobu-higiena-express-zobu-balinasana-par-159-90e\/\"\n            class=\"group py-[7px] pl-6 pr-[7px] border border-blue-800 flex items-center rounded-full  w-full md:w-auto \"\n        >\n            <span class=\"text-base font-medium tracking-2% w-full\">\n           Las\u012bt vair\u0101k        <\/span>\n        <span class=\" flex relative rounded-full shrink-0 overflow-hidden size-10 ml-6 bg-blue-800 stroke-white\">\n            <span class=\"block transition-transform duration-300 size-full relative group-hover:translate-x-[40px]\">\n                <svg width=\"40\" height=\"40\" viewBox=\"0 0 40 40\" fill=\"none\" xmlns=\"http:\/\/www.w3.org\/2000\/svg\">\n                    <path class=\"stroke-inherit\" d=\"M20 28L28 20L20 12\"  stroke-linecap=\"round\" stroke-linejoin=\"round\"\/>\n                    <path class=\"stroke-inherit\" d=\"M12 20H28\"  stroke-linecap=\"round\" stroke-linejoin=\"round\"\/>\n                <\/svg>\n            <\/span>\n            <span class=\"block transition-transform duration-300 size-full absolute -translate-x-[40px] group-hover:translate-x-[0px]\">\n                <svg width=\"40\" height=\"40\" viewBox=\"0 0 40 40\" fill=\"none\" xmlns=\"http:\/\/www.w3.org\/2000\/svg\">\n                    <path class=\"stroke-inherit\" d=\"M20 28L28 20L20 12\"  stroke-linecap=\"round\" stroke-linejoin=\"round\"\/>\n                    <path class=\"stroke-inherit\" d=\"M12 20H28\"  stroke-linecap=\"round\" stroke-linejoin=\"round\"\/>\n                <\/svg>\n            <\/span>\n        <\/span>\n    \t        <\/a>\n    \n\n\t                                <\/div>\r\n                            <\/div>\r\n\r\n                        <\/div>\r\n\t\t\t\t\t                        <div class=\"grid grid-cols-1 md:grid-cols-2 gap-x-6 bg-white border border-grey-400 rounded-3xl overflow-hidden items-center p-4 md:p-0\">\r\n                            <div class=\"relative w-full pb-[77.63%] rounded-[12px] md:rounded-none mb-8 md:mb-0 h-full\">\r\n\t\t\t\t\t\t\t\t<img loading=\"lazy\" decoding=\"async\" width=\"1288\" height=\"1000\" src=\"https:\/\/skydream.lv\/wp-content\/uploads\/2025\/10\/15990-E-1.png\" class=\"absolute inset-0 object-cover size-full\" alt=\"\" srcset=\"https:\/\/skydream.lv\/wp-content\/uploads\/2025\/10\/15990-E-1.png 1288w, https:\/\/skydream.lv\/wp-content\/uploads\/2025\/10\/15990-E-1-300x233.png 300w, https:\/\/skydream.lv\/wp-content\/uploads\/2025\/10\/15990-E-1-1024x795.png 1024w, https:\/\/skydream.lv\/wp-content\/uploads\/2025\/10\/15990-E-1-768x596.png 768w\" sizes=\"auto, (max-width: 1288px) 100vw, 1288px\" \/>                            <\/div>\r\n\r\n                            <div>\r\n                                <h2 class=\"display-h3 leading-[110%] lg:display-h2 text-center lg:text-left\">\r\n\t\t\t\t\t\t\t\t\tUz kl\u012bniku ar visu \u0123imeni                                <\/h2>\r\n\t\t\t\t\t\t\t\t                                    <p class=\"mt-6 md:mt-8 text-18\/[140%] tracking-3% \">\r\n\t\t\t\t\t\t\t\t\t\tPied\u0101v\u0101jums sp\u0113k\u0101:\t\t\t\t\t\t\t\t\t\t22\/10\/2025 &#8211; 31\/12\/2026                                    <\/p>\r\n\t\t\t\t\t\t\t\t                                <div class=\"flex mt-6 md:mt-8\">\r\n\t\t\t\t\t\t\t\t\t            <a href=\"https:\/\/skydream.lv\/lv\/special-offers\/piedavajums-goda-gimenes-kartes-ipasniekiem\/\"\n            class=\"group py-[7px] pl-6 pr-[7px] border border-blue-800 flex items-center rounded-full  w-full md:w-auto \"\n        >\n            <span class=\"text-base font-medium tracking-2% w-full\">\n           Las\u012bt vair\u0101k        <\/span>\n        <span class=\" flex relative rounded-full shrink-0 overflow-hidden size-10 ml-6 bg-blue-800 stroke-white\">\n            <span class=\"block transition-transform duration-300 size-full relative group-hover:translate-x-[40px]\">\n                <svg width=\"40\" height=\"40\" viewBox=\"0 0 40 40\" fill=\"none\" xmlns=\"http:\/\/www.w3.org\/2000\/svg\">\n                    <path class=\"stroke-inherit\" d=\"M20 28L28 20L20 12\"  stroke-linecap=\"round\" stroke-linejoin=\"round\"\/>\n                    <path class=\"stroke-inherit\" d=\"M12 20H28\"  stroke-linecap=\"round\" stroke-linejoin=\"round\"\/>\n                <\/svg>\n            <\/span>\n            <span class=\"block transition-transform duration-300 size-full absolute -translate-x-[40px] group-hover:translate-x-[0px]\">\n                <svg width=\"40\" height=\"40\" viewBox=\"0 0 40 40\" fill=\"none\" xmlns=\"http:\/\/www.w3.org\/2000\/svg\">\n                    <path class=\"stroke-inherit\" d=\"M20 28L28 20L20 12\"  stroke-linecap=\"round\" stroke-linejoin=\"round\"\/>\n                    <path class=\"stroke-inherit\" d=\"M12 20H28\"  stroke-linecap=\"round\" stroke-linejoin=\"round\"\/>\n                <\/svg>\n            <\/span>\n        <\/span>\n    \t        <\/a>\n    \n\n\t                                <\/div>\r\n                            <\/div>\r\n\r\n                        <\/div>\r\n\t\t\t\t\t                        <div class=\"grid grid-cols-1 md:grid-cols-2 gap-x-6 bg-white border border-grey-400 rounded-3xl overflow-hidden items-center p-4 md:p-0\">\r\n                            <div class=\"relative w-full pb-[77.63%] rounded-[12px] md:rounded-none mb-8 md:mb-0 h-full\">\r\n\t\t\t\t\t\t\t\t<img loading=\"lazy\" decoding=\"async\" width=\"1288\" height=\"1000\" src=\"https:\/\/skydream.lv\/wp-content\/uploads\/2026\/01\/15990-E-5.png\" class=\"absolute inset-0 object-cover size-full\" alt=\"\" srcset=\"https:\/\/skydream.lv\/wp-content\/uploads\/2026\/01\/15990-E-5.png 1288w, https:\/\/skydream.lv\/wp-content\/uploads\/2026\/01\/15990-E-5-300x233.png 300w, https:\/\/skydream.lv\/wp-content\/uploads\/2026\/01\/15990-E-5-1024x795.png 1024w, https:\/\/skydream.lv\/wp-content\/uploads\/2026\/01\/15990-E-5-768x596.png 768w\" sizes=\"auto, (max-width: 1288px) 100vw, 1288px\" \/>                            <\/div>\r\n\r\n                            <div>\r\n                                <h2 class=\"display-h3 leading-[110%] lg:display-h2 text-center lg:text-left\">\r\n\t\t\t\t\t\t\t\t\tTikai Lemon Gym klientiem                                <\/h2>\r\n\t\t\t\t\t\t\t\t                                    <p class=\"mt-6 md:mt-8 text-18\/[140%] tracking-3% \">\r\n\t\t\t\t\t\t\t\t\t\tPied\u0101v\u0101jums sp\u0113k\u0101:\t\t\t\t\t\t\t\t\t\t01\/01\/2026 &#8211; 01\/06\/2026                                    <\/p>\r\n\t\t\t\t\t\t\t\t                                <div class=\"flex mt-6 md:mt-8\">\r\n\t\t\t\t\t\t\t\t\t            <a href=\"https:\/\/skydream.lv\/lv\/special-offers\/lemon-gym\/\"\n            class=\"group py-[7px] pl-6 pr-[7px] border border-blue-800 flex items-center rounded-full  w-full md:w-auto \"\n        >\n            <span class=\"text-base font-medium tracking-2% w-full\">\n           Las\u012bt vair\u0101k        <\/span>\n        <span class=\" flex relative rounded-full shrink-0 overflow-hidden size-10 ml-6 bg-blue-800 stroke-white\">\n            <span class=\"block transition-transform duration-300 size-full relative group-hover:translate-x-[40px]\">\n                <svg width=\"40\" height=\"40\" viewBox=\"0 0 40 40\" fill=\"none\" xmlns=\"http:\/\/www.w3.org\/2000\/svg\">\n                    <path class=\"stroke-inherit\" d=\"M20 28L28 20L20 12\"  stroke-linecap=\"round\" stroke-linejoin=\"round\"\/>\n                    <path class=\"stroke-inherit\" d=\"M12 20H28\"  stroke-linecap=\"round\" stroke-linejoin=\"round\"\/>\n                <\/svg>\n            <\/span>\n            <span class=\"block transition-transform duration-300 size-full absolute -translate-x-[40px] group-hover:translate-x-[0px]\">\n                <svg width=\"40\" height=\"40\" viewBox=\"0 0 40 40\" fill=\"none\" xmlns=\"http:\/\/www.w3.org\/2000\/svg\">\n                    <path class=\"stroke-inherit\" d=\"M20 28L28 20L20 12\"  stroke-linecap=\"round\" stroke-linejoin=\"round\"\/>\n                    <path class=\"stroke-inherit\" d=\"M12 20H28\"  stroke-linecap=\"round\" stroke-linejoin=\"round\"\/>\n                <\/svg>\n            <\/span>\n        <\/span>\n    \t        <\/a>\n    \n\n\t                                <\/div>\r\n                            <\/div>\r\n\r\n                        <\/div>\r\n\t\t\t\t\t            <\/div>\r\n\t\t<\/div>\r\n\t<\/section>\r\n\r\n","protected":false},"excerpt":{"rendered":"","protected":false},"author":1,"featured_media":0,"parent":0,"menu_order":0,"comment_status":"closed","ping_status":"closed","template":"template-page.php","meta":{"_acf_changed":false,"footnotes":""},"class_list":["post-4800","page","type-page","status-publish","hentry"],"acf":[],"yoast_head":"<!-- This site is optimized with the Yoast SEO plugin v26.2 - https:\/\/yoast.com\/wordpress\/plugins\/seo\/ -->\n<title>Zobu higi\u0113na | zobu balin\u0101\u0161ana | mutes dobuma higi\u0113na<\/title>\n<meta name=\"description\" content=\"\u012apa\u0161ie pied\u0101v\u0101jumi no SKY DREAM CLINIC: zobu higi\u0113na, zobu balin\u0101\u0161ana, mutes dobuma higi\u0113na un daudz ko citu. Pieraksts pa telefonu +371 2001\" \/>\n<meta name=\"robots\" content=\"index, follow, max-snippet:-1, max-image-preview:large, max-video-preview:-1\" \/>\n<link rel=\"canonical\" href=\"https:\/\/skydream.lv\/lv\/specialie-piedavajumi\/\" \/>\n<meta property=\"og:locale\" content=\"lv_LV\" \/>\n<meta property=\"og:type\" content=\"article\" \/>\n<meta property=\"og:title\" content=\"Zobu higi\u0113na | zobu balin\u0101\u0161ana | mutes dobuma higi\u0113na\" \/>\n<meta property=\"og:description\" content=\"\u012apa\u0161ie pied\u0101v\u0101jumi no SKY DREAM CLINIC: zobu higi\u0113na, zobu balin\u0101\u0161ana, mutes dobuma higi\u0113na un daudz ko citu. Pieraksts pa telefonu +371 2001\" \/>\n<meta property=\"og:url\" content=\"https:\/\/skydream.lv\/lv\/specialie-piedavajumi\/\" \/>\n<meta property=\"og:site_name\" content=\"sky-dream\" \/>\n<meta property=\"article:modified_time\" content=\"2025-10-29T08:03:43+00:00\" \/>\n<meta name=\"twitter:card\" content=\"summary_large_image\" \/>\n<meta name=\"twitter:label1\" content=\"Est. reading time\" \/>\n\t<meta name=\"twitter:data1\" content=\"1 minute\" \/>\n<script type=\"application\/ld+json\" class=\"yoast-schema-graph\">{\"@context\":\"https:\/\/schema.org\",\"@graph\":[{\"@type\":\"WebPage\",\"@id\":\"https:\/\/skydream.lv\/lv\/specialie-piedavajumi\/\",\"url\":\"https:\/\/skydream.lv\/lv\/specialie-piedavajumi\/\",\"name\":\"Zobu higi\u0113na | zobu balin\u0101\u0161ana | mutes dobuma higi\u0113na\",\"isPartOf\":{\"@id\":\"https:\/\/skydream.lv\/lv\/#website\"},\"datePublished\":\"2025-02-04T09:45:37+00:00\",\"dateModified\":\"2025-10-29T08:03:43+00:00\",\"description\":\"\u012apa\u0161ie pied\u0101v\u0101jumi no SKY DREAM CLINIC: zobu higi\u0113na, zobu balin\u0101\u0161ana, mutes dobuma higi\u0113na un daudz ko citu. Pieraksts pa telefonu +371 2001\",\"breadcrumb\":{\"@id\":\"https:\/\/skydream.lv\/lv\/specialie-piedavajumi\/#breadcrumb\"},\"inLanguage\":\"lv-LV\",\"potentialAction\":[{\"@type\":\"ReadAction\",\"target\":[\"https:\/\/skydream.lv\/lv\/specialie-piedavajumi\/\"]}]},{\"@type\":\"BreadcrumbList\",\"@id\":\"https:\/\/skydream.lv\/lv\/specialie-piedavajumi\/#breadcrumb\",\"itemListElement\":[{\"@type\":\"ListItem\",\"position\":1,\"name\":\"Home\",\"item\":\"https:\/\/skydream.lv\/lv\/\"},{\"@type\":\"ListItem\",\"position\":2,\"name\":\"Special offers\"}]},{\"@type\":\"WebSite\",\"@id\":\"https:\/\/skydream.lv\/lv\/#website\",\"url\":\"https:\/\/skydream.lv\/lv\/\",\"name\":\"sky-dream\",\"description\":\"\",\"potentialAction\":[{\"@type\":\"SearchAction\",\"target\":{\"@type\":\"EntryPoint\",\"urlTemplate\":\"https:\/\/skydream.lv\/lv\/?s={search_term_string}\"},\"query-input\":{\"@type\":\"PropertyValueSpecification\",\"valueRequired\":true,\"valueName\":\"search_term_string\"}}],\"inLanguage\":\"lv-LV\"}]}<\/script>\n<!-- \/ Yoast SEO plugin. -->","yoast_head_json":{"title":"Zobu higi\u0113na | zobu balin\u0101\u0161ana | mutes dobuma higi\u0113na","description":"\u012apa\u0161ie pied\u0101v\u0101jumi no SKY DREAM CLINIC: zobu higi\u0113na, zobu balin\u0101\u0161ana, mutes dobuma higi\u0113na un daudz ko citu. Pieraksts pa telefonu +371 2001","robots":{"index":"index","follow":"follow","max-snippet":"max-snippet:-1","max-image-preview":"max-image-preview:large","max-video-preview":"max-video-preview:-1"},"canonical":"https:\/\/skydream.lv\/lv\/specialie-piedavajumi\/","og_locale":"lv_LV","og_type":"article","og_title":"Zobu higi\u0113na | zobu balin\u0101\u0161ana | mutes dobuma higi\u0113na","og_description":"\u012apa\u0161ie pied\u0101v\u0101jumi no SKY DREAM CLINIC: zobu higi\u0113na, zobu balin\u0101\u0161ana, mutes dobuma higi\u0113na un daudz ko citu. Pieraksts pa telefonu +371 2001","og_url":"https:\/\/skydream.lv\/lv\/specialie-piedavajumi\/","og_site_name":"sky-dream","article_modified_time":"2025-10-29T08:03:43+00:00","twitter_card":"summary_large_image","twitter_misc":{"Est. reading time":"1 minute"},"schema":{"@context":"https:\/\/schema.org","@graph":[{"@type":"WebPage","@id":"https:\/\/skydream.lv\/lv\/specialie-piedavajumi\/","url":"https:\/\/skydream.lv\/lv\/specialie-piedavajumi\/","name":"Zobu higi\u0113na | zobu balin\u0101\u0161ana | mutes dobuma higi\u0113na","isPartOf":{"@id":"https:\/\/skydream.lv\/lv\/#website"},"datePublished":"2025-02-04T09:45:37+00:00","dateModified":"2025-10-29T08:03:43+00:00","description":"\u012apa\u0161ie pied\u0101v\u0101jumi no SKY DREAM CLINIC: zobu higi\u0113na, zobu balin\u0101\u0161ana, mutes dobuma higi\u0113na un daudz ko citu. Pieraksts pa telefonu +371 2001","breadcrumb":{"@id":"https:\/\/skydream.lv\/lv\/specialie-piedavajumi\/#breadcrumb"},"inLanguage":"lv-LV","potentialAction":[{"@type":"ReadAction","target":["https:\/\/skydream.lv\/lv\/specialie-piedavajumi\/"]}]},{"@type":"BreadcrumbList","@id":"https:\/\/skydream.lv\/lv\/specialie-piedavajumi\/#breadcrumb","itemListElement":[{"@type":"ListItem","position":1,"name":"Home","item":"https:\/\/skydream.lv\/lv\/"},{"@type":"ListItem","position":2,"name":"Special offers"}]},{"@type":"WebSite","@id":"https:\/\/skydream.lv\/lv\/#website","url":"https:\/\/skydream.lv\/lv\/","name":"sky-dream","description":"","potentialAction":[{"@type":"SearchAction","target":{"@type":"EntryPoint","urlTemplate":"https:\/\/skydream.lv\/lv\/?s={search_term_string}"},"query-input":{"@type":"PropertyValueSpecification","valueRequired":true,"valueName":"search_term_string"}}],"inLanguage":"lv-LV"}]}},"_links":{"self":[{"href":"https:\/\/skydream.lv\/lv\/wp-json\/wp\/v2\/pages\/4800","targetHints":{"allow":["GET"]}}],"collection":[{"href":"https:\/\/skydream.lv\/lv\/wp-json\/wp\/v2\/pages"}],"about":[{"href":"https:\/\/skydream.lv\/lv\/wp-json\/wp\/v2\/types\/page"}],"author":[{"embeddable":true,"href":"https:\/\/skydream.lv\/lv\/wp-json\/wp\/v2\/users\/1"}],"replies":[{"embeddable":true,"href":"https:\/\/skydream.lv\/lv\/wp-json\/wp\/v2\/comments?post=4800"}],"version-history":[{"count":2,"href":"https:\/\/skydream.lv\/lv\/wp-json\/wp\/v2\/pages\/4800\/revisions"}],"predecessor-version":[{"id":6326,"href":"https:\/\/skydream.lv\/lv\/wp-json\/wp\/v2\/pages\/4800\/revisions\/6326"}],"wp:attachment":[{"href":"https:\/\/skydream.lv\/lv\/wp-json\/wp\/v2\/media?parent=4800"}],"curies":[{"name":"wp","href":"https:\/\/api.w.org\/{rel}","templated":true}]}}