{"id":4773,"date":"2025-03-14T10:44:23","date_gmt":"2025-03-14T10:44:23","guid":{"rendered":"https:\/\/skydream.lv\/wp-site\/privacy-policy-2\/"},"modified":"2026-03-20T11:46:08","modified_gmt":"2026-03-20T11:46:08","slug":"privacy-policy-2","status":"publish","type":"page","link":"https:\/\/skydream.lv\/lv\/privacy-policy-2\/","title":{"rendered":"Priv\u0101tuma politika"},"content":{"rendered":"\n<h1 class=\"wp-block-heading\">Priv\u0101tuma politika<\/h1>\n\n\n\n<p>\u0160aj\u0101 SIA \u201cSky Dream Clinic\u201d (re\u0123.nr. 40103743305) Latvijas komercre\u0123istr\u0101 re\u0123istr\u0113t\u0101 uz\u0146\u0113muma priv\u0101tuma politik\u0101 ir izkl\u0101st\u012bta m\u016bsu inform\u0101cijas v\u0101k\u0161anas un izplat\u012b\u0161anas prakse saist\u012bb\u0101 ar t\u012bmek\u013ca vietni&nbsp;www.skydream.lv&nbsp;un t\u0101s mobil\u0101s versijas lietojumprogramm\u0101m un citiem pakalpojumiem, ko m\u0113s nodro\u0161in\u0101m lietot\u0101jiem (turpm\u0101k tekst\u0101 kop\u0101 saukti \u201cPakalpojumi\u201d). Izmantojot m\u016bsu pakalpojumus, j\u016bs piekr\u012btat tam, ka m\u0113s saska\u0146\u0101 ar uz\u0146\u0113muma Priv\u0101tuma politiku v\u0101cam un izmantojam personas datus vai citu inform\u0101ciju, ko j\u016bs sniedzat pakalpojumu lieto\u0161anas laik\u0101. M\u0113s neizpaud\u012bsim J\u016bsu personas datus cit\u0101m person\u0101m, iz\u0146emot \u0161aj\u0101 Priv\u0101tuma politik\u0101 min\u0113tajos gad\u012bjumos. Izmantojot pakalpojumus, j\u016bs piekr\u012btat tam, ka m\u0113s saska\u0146\u0101 ar savu Priv\u0101tuma politiku v\u0101cam un izmantojam personas datus vai citu inform\u0101ciju, ko j\u016bs sniedzat pakalpojumu lieto\u0161anas laik\u0101.<\/p>\n\n\n\n<p>J\u016bsu sniegto personas inform\u0101ciju Latvij\u0101 m\u0113s apstr\u0101d\u0101sim tikai saska\u0146\u0101 ar Eiropas Parlamenta un Padomes regulu (ES) 2016\/679 par fizisko personas aizsardz\u012bbu attiec\u012bb\u0101 uz personas datu apstr\u0101di un \u0161\u0101du datu br\u012bvu apriti un citiem piem\u0113rotajiem normat\u012bvajiem aktiem priv\u0101tuma jom\u0101.<\/p>\n\n\n\n<h2 class=\"wp-block-heading\">Datu dro\u0161\u012bba un izmanto\u0161ana<\/h2>\n\n\n\n<p>Pirms t\u012bmek\u013ca vietnes apl\u016bko\u0161anas vai piek\u013c\u016b\u0161anas t\u0101 saturam lietot\u0101jiem nav j\u0101re\u0123istr\u0113jas vai j\u0101iesniedz personas inform\u0101cija. Apkopot\u0101 inform\u0101cija ir saist\u012bta ar datiem par to, cik daudz klientu apmekl\u0113 t\u012bmek\u013ca vietni, kuras lapas skat\u0101s, k\u0101du inform\u0101ciju lejupiel\u0101d\u0113, k\u0101da veida t\u012bmek\u013ca p\u0101rl\u016bkprogrammu un oper\u0113t\u0101jsist\u0113mu izmanto, k\u0101ds ir interneta pakalpojumu sniedz\u0113ja nosaukums utt. Laik\u0101, kad tiek apmekl\u0113ts SIA \u201cSky Dream Clinic\u201d t\u012bmek\u013ca vietne&nbsp;www.skydream.lv, inform\u0101cija tiek iev\u0101kta autom\u0101tiski. \u0160\u012b inform\u0101cija ir dom\u0101ta, lai izzin\u0101tu, k\u0101 t\u012bmek\u013ca vietni var lab\u0101k piel\u0101got apmekl\u0113t\u0101ju vajadz\u012bb\u0101m. Uzkr\u0101tos klienta Personas datus SIA \u201cSky Dream Clinic\u201d apstr\u0101d\u0101s, lai nodro\u0161in\u0101tu klientam inform\u0101ciju par SIA \u201cSky Dream Clinic\u201d produktiem un pakalpojumiem, saska\u0146\u0101 ar Priv\u0101tuma politiku.<\/p>\n\n\n\n<p>Ja klients v\u0113las izmantot SIA \u201cSky Dream Clinic\u201d sniegto pakalpojumu, tad sazinoties klientam tiks l\u016bgta inform\u0101cija par vi\u0146a v\u0101rdu, uzv\u0101rdu, adresi, e-pasta adresi, telefona numuru un valsti. SIA \u201cSky Dream Clinic\u201d ir ties\u012bga izmantot klienta sniegto inform\u0101ciju uz\u0146\u0113muma darb\u012bbas nodro\u0161in\u0101\u0161anas m\u0113r\u0137im, lai veidotu sadarb\u012bbu, inform\u0113tu klientu par produktiem un pakalpojumiem,&nbsp; nodro\u0161in\u0101tu inform\u0101cijas pieejam\u012bbu klientam tie\u0161saist\u0113, k\u0101 ar\u012b lai personaliz\u0113tu un uzlabotu Vietnes darb\u012bbu. Tas var izpausties k\u0101 &nbsp;rekl\u0101mas pied\u0101v\u0101jumi par produktiem un jauniem pakalpojuma veidiem, kas sagatavoti atbilsto\u0161i klientu v\u0113lm\u0113m un piepras\u012bjumam un kas sniegti klientam esot tie\u0161saist\u0113 vai izmantojot e-pastu ar attiec\u012bgu klienta piekri\u0161anu, vai saska\u0146\u0101 ar normat\u012bvo aktu pras\u012bb\u0101m.<\/p>\n\n\n\n<p>SIA \u201cSky Dream Clinic\u201d tiks veikta&nbsp; personas datu apstr\u0101de, piem\u0113rojot iek\u0161\u0113j\u0101s proced\u016bras un kontroles l\u012bdzek\u013cus, lai nov\u0113rstu neat\u013cautu personas datu lieto\u0161anu, piek\u013cuvi, izpau\u0161anu, kop\u0113\u0161anu, groz\u012b\u0161anu vai saboj\u0101\u0161anu, k\u0101 ar\u012b pielietos visus sapr\u0101t\u012bgos l\u012bdzek\u013cus, lai nodro\u0161in\u0101tu personas datu dro\u0161\u012bbu, integrit\u0101ti un priv\u0101tumu. SIA \u201cSky Dream Clinic\u201d apstr\u0101d\u0101s Personas datus tikai godpr\u0101t\u012bgi un atbilsto\u0161i likumam un neizmantos Personas datus nol\u016bkiem, kas neatbilst m\u0113r\u0137iem, kuru d\u0113\u013c SIA \u201cSky Dream Clinic\u201d ir sa\u0146\u0113musi Personas datus. Lai nodro\u0161in\u0101tu Priv\u0101tuma politiku SIA \u201cSky Dream Clinic\u201d ir izstr\u0101d\u0101jusi un vad\u012bsies p\u0113c&nbsp; \u201cInform\u0101cijas sist\u0113mu dro\u0161\u012bbas politikas\u201d un \u201cIek\u0161\u0113j\u0101s inform\u0101cijas sist\u0113mu dro\u0161\u012bbas noteikumiem\u201d.<\/p>\n\n\n\n<h2 class=\"wp-block-heading\">S\u012bkdatnes<\/h2>\n\n\n\n<p>SIA \u201cSky Dream Clinic\u201d v\u0101c datus par t\u012bmek\u013ca vietnes lietot\u0101ju, izmantojot s\u012bkdatnes (\u201ecookies\u201d), lai uzlabotu lietot\u0101jiem pieejamos pakalpojumus. S\u012bkdatnes (\u201ecookies\u201d) ir datnes, ko t\u012bmek\u013ca vietnes izvieto lietot\u0101ju datoros, lai atpaz\u012btu lietot\u0101ju un atvieglotu tam vietnes izmanto\u0161anu. Interneta p\u0101rl\u016bkprogrammas var konfigur\u0113t t\u0101, lai t\u0101s br\u012bdina klientu par s\u012bkdat\u0146u (\u201ecookies\u201d) izmanto\u0161anu un \u013cauj izv\u0113l\u0113ties, vai klients piekr\u012bt t\u0101s pie\u0146emt. S\u012bkdat\u0146u (\u201ecookies\u201d) nepie\u0146em\u0161ana neaizliegs klientam lietot Vietni, ta\u010du tas var ierobe\u017eot klientam Vietnes izmanto\u0161anas iesp\u0113jas.<\/p>\n\n\n\n<p>Papildu inform\u0101ciju par s\u012bkdatn\u0113m, k\u0101 ar\u012b k\u0101 t\u0101s iesp\u0113jams p\u0101rvald\u012bt vai izdz\u0113st, varat ieg\u016bt m\u0101jaslap\u0101&nbsp;www.aboutcookies.org.<\/p>\n\n\n\n<h2 class=\"wp-block-heading\">S\u012bkdat\u0146u izmanto\u0161ana<\/h2>\n\n\n\n<p>SIA \u201cSky Dream Clinic\u201d&nbsp;t\u012bmek\u013ca vietn\u0113&nbsp;www.skydream.lv&nbsp;tiek izmantotas s\u012bkdatnes, lai t\u012bmek\u013ca vietne atcer\u0113tos:<\/p>\n\n\n\n<ul class=\"wp-block-list\">\n<li>vai esat jau piekritis tam, ka m\u0113s \u0161aj\u0101 vietn\u0113 izmantojam s\u012bkdatnes;<\/li>\n\n\n\n<li>vimeos\u012bkdatnes, unik\u0101li identifikatori, kas tiek pie\u0161\u0137irti datoram, lai sekotu&nbsp;vimeo&nbsp;video skat\u012bjumiem;<\/li>\n\n\n\n<li>Google kar\u0161u s\u012bkdatne, kas fiks\u0113 kartes izmanto\u0161anu.<\/li>\n<\/ul>\n\n\n\n<h2 class=\"wp-block-heading\">Google Analytics<\/h2>\n\n\n\n<p>SIA \u201cSky Dream Clinic\u201d&nbsp;t\u012bmek\u013ca vietn\u0113 www.skydream.lv ir uzst\u0101d\u012bts \u201cGoogle Inc\u201d izveidot\u0101s programmas \u201cGoogle Analytics\u201d veidot\u0101s s\u012bkdatnes. \u201cGoogle Analytics\u201d s\u012bkdat\u0146u izmanto\u0161anas m\u0113r\u0137is ir DVI&nbsp;t\u012bmek\u013ca vietnes satura kvalit\u0101tes uzlabo\u0161ana un satura piel\u0101go\u0161ana lietot\u0101ju vajadz\u012bb\u0101m. Pla\u0161\u0101k par \u201cGoogle Analytics\u201d pakalpojuma snieg\u0161anas noteikumiem var iepaz\u012bties m\u0101jaslap\u0101&nbsp;http:\/\/www.google.com\/analytics\/terms\/us.html.<\/p>\n\n\n\n<p>Ja J\u016bs v\u0113laties, lai SIA \u201cSky Dream Clinic\u201d&nbsp;neieg\u016bst inform\u0101ciju par J\u016bsu aktivit\u0101t\u0113m&nbsp;t\u012bmek\u013ca vietn\u0113&nbsp;www.skydream.lv, Jums j\u0101aktiviz\u0113 Google Analytics Opt-out Browser Add-on (https:\/\/support.google.com\/analytics\/answer\/181881) papildr\u012bks. \u0160is papildr\u012bks sazin\u0101s ar Google Analytics JavaScript (ga.js), lai nor\u0101d\u012btu, ka dati par attiec\u012bgo interneta vietnes apmekl\u0113jumu nav j\u0101s\u016bta uz \u201cGoogle Analytics\u201d.<\/p>\n\n\n\n<h2 class=\"wp-block-heading\">Tre\u0161\u0101s puses<\/h2>\n\n\n\n<p>Savas darb\u012bbas laik\u0101 m\u0113s izmantojam citus uz\u0146\u0113mumus, kas pal\u012bdz SIA \u201cSky Dream Clinic\u201d un t\u0101s klientiem, kas pal\u012bdz SIA \u201cSky Dream Clinic\u201d un t\u0101s klientiem komercdarb\u012bbas veik\u0161an\u0101, lai \u012bstenotu attiec\u012bgo sadarb\u012bbu. Tom\u0113r \u0161\u0101dos gad\u012bjumos SIA \u201cSky Dream Clinic\u201d piepras\u012bs no datu sa\u0146\u0113m\u0113jiem ap\u0146em\u0161anos izmantot sa\u0146emto inform\u0101ciju tikai tiem nol\u016bkiem, kuru d\u0113\u013c dati tika nodoti, un saska\u0146\u0101 ar piem\u0113rojamo normat\u012bvo aktu pras\u012bb\u0101m. \u0160ie uz\u0146\u0113mumi nedr\u012bkst \u0161o inform\u0101ciju izmantot citiem m\u0113r\u0137iem un vi\u0146iem j\u0101nodro\u0161ina inform\u0101cijas konfidencialit\u0101te.<\/p>\n\n\n\n<h2 class=\"wp-block-heading\">Zi\u0146ojumi, izv\u0113le un kontrole<\/h2>\n\n\n\n<p>SIA \u201cSky Dream Clinic\u201d var sazin\u0101ties ar jums par t\u0101d\u0101m t\u0113m\u0101m k\u0101 \u012bpa\u0161ie pied\u0101v\u0101jumi, pakalpojumu pied\u0101v\u0101jumi, pakalpojumu atjaunin\u0101jumi, konkursi, k\u0101 ar\u012b b\u016btiski groz\u012bjumi m\u016bsu Priv\u0101tuma politik\u0101. Sniedzot mums savu e-pasta adresi un\/vai mobil\u0101 telefona numuru, j\u016bs piekr\u012btat sa\u0146emt \u0161\u0101dus zi\u0146ojumus. J\u016bs piln\u012bb\u0101 kontrol\u0113jat personu identific\u0113jo\u0161o inform\u0101ciju, kuru sniedzat mums \u0161aj\u0101 t\u012bmek\u013ca vietn\u0113. J\u016bs jebkur\u0101 br\u012bd\u012b varat main\u012bt savu izv\u0113li attiec\u012bb\u0101 uz turpm\u0101ko sazi\u0146u, nos\u016btot inform\u0101ciju uz e-pastu&nbsp;info@skydream.lv. Vai ar\u012b, ja v\u0113laties, izteikt v\u0113lmi dz\u0113st savus datus.<\/p>\n\n\n\n<p>L\u016bdzu, iev\u0113rojiet: ja atsak\u0101ties no zi\u0146ojumu sa\u0146em\u0161anas, tas var ietekm\u0113t pakalpojumus, ko esat izv\u0113l\u0113jies sa\u0146emt no mums, ja \u0161o pakalpojumu sa\u0146em\u0161anas priek\u0161noteikums ir \u0161\u0101du pazi\u0146ojumu akcept\u0113\u0161ana.<\/p>\n\n\n\n<h2 class=\"wp-block-heading\">Hipersaites un atsauces<\/h2>\n\n\n\n<p>Cit\u0101s t\u012bmek\u013ca vietn\u0113s, kas pieejamas l\u012bdz ar pakalpojumu izmanto\u0161anu (ar hipersai\u0161u un rekl\u0101mu starpniec\u012bbu vai cit\u0101di), ir savas priv\u0101tuma, k\u0101 ar\u012b datu v\u0101k\u0161anas, izmanto\u0161anas un izpau\u0161anas politikas. L\u016bdzu, pirms lieto\u0161anas iepaz\u012bstieties ar priv\u0101tuma politik\u0101m. M\u0113s nep\u0101rbaud\u0101m tre\u0161o personu priv\u0101tuma politiku, un m\u0113s neatbildam par to priv\u0101tuma iev\u0113ro\u0161anas praksi, sniegto pakalpojumu pieejam\u012bbu vai uzticam\u012bbu vai par to satura precizit\u0101ti vai piln\u012bgumu.<\/p>\n\n\n\n<h2 class=\"wp-block-heading\">Piel\u0101gojumi un izmai\u0146as priv\u0101tuma politik\u0101<\/h2>\n\n\n\n<p>SIA \u201cSky Dream Clinic\u201d ir ties\u012bgi laiku pa laikam groz\u012bt \u0161os Priv\u0101tuma aizsardz\u012bbas noteikumus p\u0113c saviem ieskatiem.<\/p>\n\n\n\n<h2 class=\"wp-block-heading\">Sazin\u0101\u0161an\u0101s ar mums<\/h2>\n\n\n\n<p>Mums ir svar\u012bgi zin\u0101t apmekl\u0113t\u0101ju viedokli, t\u0101p\u0113c, ja Jums ir jaut\u0101jumi par to, k\u0101 m\u0113s v\u0101cam, glab\u0101jam un izmantojam J\u016bsu personas inform\u0101ciju un datus, l\u016bdzu, sazinieties ar mums k\u0101d\u0101 no zem\u0101k nor\u0101d\u012btajiem veidiem:<\/p>\n\n\n\n<ul class=\"wp-block-list\">\n<li>zvaniet mums Latvij\u0101 uz telefona numuru +371 20012559<\/li>\n\n\n\n<li>rakstiet mums uz e-pasta adresi&nbsp;info@skydream.lv<\/li>\n\n\n\n<li>rakstiet mums uz \u0161\u0101du pasta adresi (ar nor\u0101di \u201cPar priv\u0101tumu tie\u0161saist\u0113\u201d): SIA \u201cSky Dream Clinic\u201d, B\u0113rzaunes iela 7, R\u012bga, Latvija, LV &#8211; 1039<\/li>\n<\/ul>\n","protected":false},"excerpt":{"rendered":"<p>Priv\u0101tuma politika \u0160aj\u0101 SIA \u201cSky Dream Clinic\u201d (re\u0123.nr. 40103743305) Latvijas komercre\u0123istr\u0101 re\u0123istr\u0113t\u0101 uz\u0146\u0113muma priv\u0101tuma politik\u0101 ir izkl\u0101st\u012bta m\u016bsu inform\u0101cijas v\u0101k\u0161anas un izplat\u012b\u0161anas prakse saist\u012bb\u0101 ar t\u012bmek\u013ca vietni&nbsp;www.skydream.lv&nbsp;un t\u0101s mobil\u0101s versijas lietojumprogramm\u0101m un citiem pakalpojumiem, ko m\u0113s nodro\u0161in\u0101m lietot\u0101jiem (turpm\u0101k tekst\u0101 kop\u0101 saukti \u201cPakalpojumi\u201d). Izmantojot m\u016bsu pakalpojumus, j\u016bs piekr\u012btat tam, ka m\u0113s saska\u0146\u0101 ar uz\u0146\u0113muma Priv\u0101tuma [&hellip;]<\/p>\n","protected":false},"author":1,"featured_media":0,"parent":0,"menu_order":0,"comment_status":"closed","ping_status":"closed","template":"template-policy.php","meta":{"_acf_changed":false,"footnotes":""},"class_list":["post-4773","page","type-page","status-publish","hentry"],"acf":[],"yoast_head":"<!-- This site is optimized with the Yoast SEO plugin v26.2 - https:\/\/yoast.com\/wordpress\/plugins\/seo\/ -->\n<title>Priv\u0101tuma politika - sky-dream<\/title>\n<meta name=\"robots\" content=\"index, follow, max-snippet:-1, max-image-preview:large, max-video-preview:-1\" \/>\n<link rel=\"canonical\" href=\"https:\/\/skydream.lv\/lv\/privacy-policy-2\/\" \/>\n<meta property=\"og:locale\" content=\"lv_LV\" \/>\n<meta property=\"og:type\" content=\"article\" \/>\n<meta property=\"og:title\" content=\"Priv\u0101tuma politika - sky-dream\" \/>\n<meta property=\"og:description\" content=\"Priv\u0101tuma politika \u0160aj\u0101 SIA \u201cSky Dream Clinic\u201d (re\u0123.nr. 40103743305) Latvijas komercre\u0123istr\u0101 re\u0123istr\u0113t\u0101 uz\u0146\u0113muma priv\u0101tuma politik\u0101 ir izkl\u0101st\u012bta m\u016bsu inform\u0101cijas v\u0101k\u0161anas un izplat\u012b\u0161anas prakse saist\u012bb\u0101 ar t\u012bmek\u013ca vietni&nbsp;www.skydream.lv&nbsp;un t\u0101s mobil\u0101s versijas lietojumprogramm\u0101m un citiem pakalpojumiem, ko m\u0113s nodro\u0161in\u0101m lietot\u0101jiem (turpm\u0101k tekst\u0101 kop\u0101 saukti \u201cPakalpojumi\u201d). Izmantojot m\u016bsu pakalpojumus, j\u016bs piekr\u012btat tam, ka m\u0113s saska\u0146\u0101 ar uz\u0146\u0113muma Priv\u0101tuma [&hellip;]\" \/>\n<meta property=\"og:url\" content=\"https:\/\/skydream.lv\/lv\/privacy-policy-2\/\" \/>\n<meta property=\"og:site_name\" content=\"sky-dream\" \/>\n<meta property=\"article:modified_time\" content=\"2026-03-20T11:46:08+00:00\" \/>\n<meta name=\"twitter:card\" content=\"summary_large_image\" \/>\n<meta name=\"twitter:label1\" content=\"Est. reading time\" \/>\n\t<meta name=\"twitter:data1\" content=\"6 minutes\" \/>\n<script type=\"application\/ld+json\" class=\"yoast-schema-graph\">{\"@context\":\"https:\/\/schema.org\",\"@graph\":[{\"@type\":\"WebPage\",\"@id\":\"https:\/\/skydream.lv\/lv\/privacy-policy-2\/\",\"url\":\"https:\/\/skydream.lv\/lv\/privacy-policy-2\/\",\"name\":\"Priv\u0101tuma politika - sky-dream\",\"isPartOf\":{\"@id\":\"https:\/\/skydream.lv\/lv\/#website\"},\"datePublished\":\"2025-03-14T10:44:23+00:00\",\"dateModified\":\"2026-03-20T11:46:08+00:00\",\"breadcrumb\":{\"@id\":\"https:\/\/skydream.lv\/lv\/privacy-policy-2\/#breadcrumb\"},\"inLanguage\":\"lv-LV\",\"potentialAction\":[{\"@type\":\"ReadAction\",\"target\":[\"https:\/\/skydream.lv\/lv\/privacy-policy-2\/\"]}]},{\"@type\":\"BreadcrumbList\",\"@id\":\"https:\/\/skydream.lv\/lv\/privacy-policy-2\/#breadcrumb\",\"itemListElement\":[{\"@type\":\"ListItem\",\"position\":1,\"name\":\"Home\",\"item\":\"https:\/\/skydream.lv\/lv\/\"},{\"@type\":\"ListItem\",\"position\":2,\"name\":\"Priv\u0101tuma politika\"}]},{\"@type\":\"WebSite\",\"@id\":\"https:\/\/skydream.lv\/lv\/#website\",\"url\":\"https:\/\/skydream.lv\/lv\/\",\"name\":\"sky-dream\",\"description\":\"\",\"potentialAction\":[{\"@type\":\"SearchAction\",\"target\":{\"@type\":\"EntryPoint\",\"urlTemplate\":\"https:\/\/skydream.lv\/lv\/?s={search_term_string}\"},\"query-input\":{\"@type\":\"PropertyValueSpecification\",\"valueRequired\":true,\"valueName\":\"search_term_string\"}}],\"inLanguage\":\"lv-LV\"}]}<\/script>\n<!-- \/ Yoast SEO plugin. -->","yoast_head_json":{"title":"Priv\u0101tuma politika - sky-dream","robots":{"index":"index","follow":"follow","max-snippet":"max-snippet:-1","max-image-preview":"max-image-preview:large","max-video-preview":"max-video-preview:-1"},"canonical":"https:\/\/skydream.lv\/lv\/privacy-policy-2\/","og_locale":"lv_LV","og_type":"article","og_title":"Priv\u0101tuma politika - sky-dream","og_description":"Priv\u0101tuma politika \u0160aj\u0101 SIA \u201cSky Dream Clinic\u201d (re\u0123.nr. 40103743305) Latvijas komercre\u0123istr\u0101 re\u0123istr\u0113t\u0101 uz\u0146\u0113muma priv\u0101tuma politik\u0101 ir izkl\u0101st\u012bta m\u016bsu inform\u0101cijas v\u0101k\u0161anas un izplat\u012b\u0161anas prakse saist\u012bb\u0101 ar t\u012bmek\u013ca vietni&nbsp;www.skydream.lv&nbsp;un t\u0101s mobil\u0101s versijas lietojumprogramm\u0101m un citiem pakalpojumiem, ko m\u0113s nodro\u0161in\u0101m lietot\u0101jiem (turpm\u0101k tekst\u0101 kop\u0101 saukti \u201cPakalpojumi\u201d). Izmantojot m\u016bsu pakalpojumus, j\u016bs piekr\u012btat tam, ka m\u0113s saska\u0146\u0101 ar uz\u0146\u0113muma Priv\u0101tuma [&hellip;]","og_url":"https:\/\/skydream.lv\/lv\/privacy-policy-2\/","og_site_name":"sky-dream","article_modified_time":"2026-03-20T11:46:08+00:00","twitter_card":"summary_large_image","twitter_misc":{"Est. reading time":"6 minutes"},"schema":{"@context":"https:\/\/schema.org","@graph":[{"@type":"WebPage","@id":"https:\/\/skydream.lv\/lv\/privacy-policy-2\/","url":"https:\/\/skydream.lv\/lv\/privacy-policy-2\/","name":"Priv\u0101tuma politika - sky-dream","isPartOf":{"@id":"https:\/\/skydream.lv\/lv\/#website"},"datePublished":"2025-03-14T10:44:23+00:00","dateModified":"2026-03-20T11:46:08+00:00","breadcrumb":{"@id":"https:\/\/skydream.lv\/lv\/privacy-policy-2\/#breadcrumb"},"inLanguage":"lv-LV","potentialAction":[{"@type":"ReadAction","target":["https:\/\/skydream.lv\/lv\/privacy-policy-2\/"]}]},{"@type":"BreadcrumbList","@id":"https:\/\/skydream.lv\/lv\/privacy-policy-2\/#breadcrumb","itemListElement":[{"@type":"ListItem","position":1,"name":"Home","item":"https:\/\/skydream.lv\/lv\/"},{"@type":"ListItem","position":2,"name":"Priv\u0101tuma politika"}]},{"@type":"WebSite","@id":"https:\/\/skydream.lv\/lv\/#website","url":"https:\/\/skydream.lv\/lv\/","name":"sky-dream","description":"","potentialAction":[{"@type":"SearchAction","target":{"@type":"EntryPoint","urlTemplate":"https:\/\/skydream.lv\/lv\/?s={search_term_string}"},"query-input":{"@type":"PropertyValueSpecification","valueRequired":true,"valueName":"search_term_string"}}],"inLanguage":"lv-LV"}]}},"_links":{"self":[{"href":"https:\/\/skydream.lv\/lv\/wp-json\/wp\/v2\/pages\/4773","targetHints":{"allow":["GET"]}}],"collection":[{"href":"https:\/\/skydream.lv\/lv\/wp-json\/wp\/v2\/pages"}],"about":[{"href":"https:\/\/skydream.lv\/lv\/wp-json\/wp\/v2\/types\/page"}],"author":[{"embeddable":true,"href":"https:\/\/skydream.lv\/lv\/wp-json\/wp\/v2\/users\/1"}],"replies":[{"embeddable":true,"href":"https:\/\/skydream.lv\/lv\/wp-json\/wp\/v2\/comments?post=4773"}],"version-history":[{"count":2,"href":"https:\/\/skydream.lv\/lv\/wp-json\/wp\/v2\/pages\/4773\/revisions"}],"predecessor-version":[{"id":9258,"href":"https:\/\/skydream.lv\/lv\/wp-json\/wp\/v2\/pages\/4773\/revisions\/9258"}],"wp:attachment":[{"href":"https:\/\/skydream.lv\/lv\/wp-json\/wp\/v2\/media?parent=4773"}],"curies":[{"name":"wp","href":"https:\/\/api.w.org\/{rel}","templated":true}]}}