{"id":4396,"date":"2025-01-29T10:14:44","date_gmt":"2025-01-29T10:14:44","guid":{"rendered":"https:\/\/skydream.lv\/wp-site\/?page_id=4396"},"modified":"2025-08-21T19:07:59","modified_gmt":"2025-08-21T19:07:59","slug":"musu-specialisti","status":"publish","type":"page","link":"https:\/\/skydream.lv\/lv\/musu-specialisti\/","title":{"rendered":"M\u016bsu komanda"},"content":{"rendered":"\r\n\t<section id=\"block_bfd2b14fc7cb2574e69e8bd704e22ba7\" class=\"section-title \">\r\n\t\t<div class=\"wrapper py-section\">\r\n            <div class=\"max-w-668 mx-auto lg:text-center\">\r\n                <h1 class=\"display-h3 leading-[110%] md:display-h2 lg:display-h1\">\r\n                    M\u016bsu komanda                <\/h1>\r\n\r\n                                <p class=\"mt-6 md:mt-8 text-18\/[140%] tracking-3%\">\r\n                    M\u016bsu kl\u012bnik\u0101 ir izveidojusies \u012bsta DREAM TEAM no augsti kvalific\u0113tiem speci\u0101listiem. Katrs m\u016bsu komandas dal\u012bbnieks \u2014 no zob\u0101rstiem l\u012bdz asistentiem un administrat\u012bvajiem darbiniekiem \u2014 cen\u0161as nodro\u0161in\u0101t pacientiem visaugst\u0101ko pakalpojumu l\u012bmeni. M\u0113s esam p\u0101rliecin\u0101ti, ka, pateicoties kop\u012bgajai darb\u012bbai un profesionalit\u0101tei, varam garant\u0113t kvalitat\u012bvu un komfortablu \u0101rst\u0113\u0161anu katram pacientam.                <\/p>\r\n                            <\/div>\r\n\r\n\t\t<\/div>\r\n\t<\/section>\r\n\r\n","protected":false},"excerpt":{"rendered":"","protected":false},"author":1,"featured_media":0,"parent":0,"menu_order":0,"comment_status":"closed","ping_status":"closed","template":"template-team.php","meta":{"_acf_changed":false,"footnotes":""},"class_list":["post-4396","page","type-page","status-publish","hentry"],"acf":[],"yoast_head":"<!-- This site is optimized with the Yoast SEO plugin v26.2 - https:\/\/yoast.com\/wordpress\/plugins\/seo\/ -->\n<title>Zob\u0101rsti | zob\u0101rsts | zob\u0101rstniec\u012bbas kl\u012bnika | zob\u0101rstniec\u012bba<\/title>\n<meta name=\"description\" content=\"M\u016bsu zob\u0101rsti sniegs Jums augsti kvalific\u0113tu pal\u012bdz\u012bbu, dos padomus par zobu kop\u0161anu un \u0101rst\u0113\u0161anu. Zob\u0101rstniec\u012bbas un est\u0113tisk\u0101s medic\u012bnas kl\u012bnika \u201eSky Dream Clinic\u201d izmanto jaun\u0101ko apr\u012bkojumu\" \/>\n<meta name=\"robots\" content=\"index, follow, max-snippet:-1, max-image-preview:large, max-video-preview:-1\" \/>\n<link rel=\"canonical\" href=\"https:\/\/skydream.lv\/lv\/musu-specialisti\/\" \/>\n<meta property=\"og:locale\" content=\"lv_LV\" \/>\n<meta property=\"og:type\" content=\"article\" \/>\n<meta property=\"og:title\" content=\"Zob\u0101rsti | zob\u0101rsts | zob\u0101rstniec\u012bbas kl\u012bnika | zob\u0101rstniec\u012bba\" \/>\n<meta property=\"og:description\" content=\"M\u016bsu zob\u0101rsti sniegs Jums augsti kvalific\u0113tu pal\u012bdz\u012bbu, dos padomus par zobu kop\u0161anu un \u0101rst\u0113\u0161anu. Zob\u0101rstniec\u012bbas un est\u0113tisk\u0101s medic\u012bnas kl\u012bnika \u201eSky Dream Clinic\u201d izmanto jaun\u0101ko apr\u012bkojumu\" \/>\n<meta property=\"og:url\" content=\"https:\/\/skydream.lv\/lv\/musu-specialisti\/\" \/>\n<meta property=\"og:site_name\" content=\"sky-dream\" \/>\n<meta property=\"article:modified_time\" content=\"2025-08-21T19:07:59+00:00\" \/>\n<meta name=\"twitter:card\" content=\"summary_large_image\" \/>\n<meta name=\"twitter:label1\" content=\"Est. reading time\" \/>\n\t<meta name=\"twitter:data1\" content=\"1 minute\" \/>\n<script type=\"application\/ld+json\" class=\"yoast-schema-graph\">{\"@context\":\"https:\/\/schema.org\",\"@graph\":[{\"@type\":\"WebPage\",\"@id\":\"https:\/\/skydream.lv\/lv\/musu-specialisti\/\",\"url\":\"https:\/\/skydream.lv\/lv\/musu-specialisti\/\",\"name\":\"Zob\u0101rsti | zob\u0101rsts | zob\u0101rstniec\u012bbas kl\u012bnika | zob\u0101rstniec\u012bba\",\"isPartOf\":{\"@id\":\"https:\/\/skydream.lv\/lv\/#website\"},\"datePublished\":\"2025-01-29T10:14:44+00:00\",\"dateModified\":\"2025-08-21T19:07:59+00:00\",\"description\":\"M\u016bsu zob\u0101rsti sniegs Jums augsti kvalific\u0113tu pal\u012bdz\u012bbu, dos padomus par zobu kop\u0161anu un \u0101rst\u0113\u0161anu. Zob\u0101rstniec\u012bbas un est\u0113tisk\u0101s medic\u012bnas kl\u012bnika \u201eSky Dream Clinic\u201d izmanto jaun\u0101ko apr\u012bkojumu\",\"breadcrumb\":{\"@id\":\"https:\/\/skydream.lv\/lv\/musu-specialisti\/#breadcrumb\"},\"inLanguage\":\"lv-LV\",\"potentialAction\":[{\"@type\":\"ReadAction\",\"target\":[\"https:\/\/skydream.lv\/lv\/musu-specialisti\/\"]}]},{\"@type\":\"BreadcrumbList\",\"@id\":\"https:\/\/skydream.lv\/lv\/musu-specialisti\/#breadcrumb\",\"itemListElement\":[{\"@type\":\"ListItem\",\"position\":1,\"name\":\"Home\",\"item\":\"https:\/\/skydream.lv\/lv\/\"},{\"@type\":\"ListItem\",\"position\":2,\"name\":\"M\u016bsu komanda\"}]},{\"@type\":\"WebSite\",\"@id\":\"https:\/\/skydream.lv\/lv\/#website\",\"url\":\"https:\/\/skydream.lv\/lv\/\",\"name\":\"sky-dream\",\"description\":\"\",\"potentialAction\":[{\"@type\":\"SearchAction\",\"target\":{\"@type\":\"EntryPoint\",\"urlTemplate\":\"https:\/\/skydream.lv\/lv\/?s={search_term_string}\"},\"query-input\":{\"@type\":\"PropertyValueSpecification\",\"valueRequired\":true,\"valueName\":\"search_term_string\"}}],\"inLanguage\":\"lv-LV\"}]}<\/script>\n<!-- \/ Yoast SEO plugin. -->","yoast_head_json":{"title":"Zob\u0101rsti | zob\u0101rsts | zob\u0101rstniec\u012bbas kl\u012bnika | zob\u0101rstniec\u012bba","description":"M\u016bsu zob\u0101rsti sniegs Jums augsti kvalific\u0113tu pal\u012bdz\u012bbu, dos padomus par zobu kop\u0161anu un \u0101rst\u0113\u0161anu. Zob\u0101rstniec\u012bbas un est\u0113tisk\u0101s medic\u012bnas kl\u012bnika \u201eSky Dream Clinic\u201d izmanto jaun\u0101ko apr\u012bkojumu","robots":{"index":"index","follow":"follow","max-snippet":"max-snippet:-1","max-image-preview":"max-image-preview:large","max-video-preview":"max-video-preview:-1"},"canonical":"https:\/\/skydream.lv\/lv\/musu-specialisti\/","og_locale":"lv_LV","og_type":"article","og_title":"Zob\u0101rsti | zob\u0101rsts | zob\u0101rstniec\u012bbas kl\u012bnika | zob\u0101rstniec\u012bba","og_description":"M\u016bsu zob\u0101rsti sniegs Jums augsti kvalific\u0113tu pal\u012bdz\u012bbu, dos padomus par zobu kop\u0161anu un \u0101rst\u0113\u0161anu. Zob\u0101rstniec\u012bbas un est\u0113tisk\u0101s medic\u012bnas kl\u012bnika \u201eSky Dream Clinic\u201d izmanto jaun\u0101ko apr\u012bkojumu","og_url":"https:\/\/skydream.lv\/lv\/musu-specialisti\/","og_site_name":"sky-dream","article_modified_time":"2025-08-21T19:07:59+00:00","twitter_card":"summary_large_image","twitter_misc":{"Est. reading time":"1 minute"},"schema":{"@context":"https:\/\/schema.org","@graph":[{"@type":"WebPage","@id":"https:\/\/skydream.lv\/lv\/musu-specialisti\/","url":"https:\/\/skydream.lv\/lv\/musu-specialisti\/","name":"Zob\u0101rsti | zob\u0101rsts | zob\u0101rstniec\u012bbas kl\u012bnika | zob\u0101rstniec\u012bba","isPartOf":{"@id":"https:\/\/skydream.lv\/lv\/#website"},"datePublished":"2025-01-29T10:14:44+00:00","dateModified":"2025-08-21T19:07:59+00:00","description":"M\u016bsu zob\u0101rsti sniegs Jums augsti kvalific\u0113tu pal\u012bdz\u012bbu, dos padomus par zobu kop\u0161anu un \u0101rst\u0113\u0161anu. Zob\u0101rstniec\u012bbas un est\u0113tisk\u0101s medic\u012bnas kl\u012bnika \u201eSky Dream Clinic\u201d izmanto jaun\u0101ko apr\u012bkojumu","breadcrumb":{"@id":"https:\/\/skydream.lv\/lv\/musu-specialisti\/#breadcrumb"},"inLanguage":"lv-LV","potentialAction":[{"@type":"ReadAction","target":["https:\/\/skydream.lv\/lv\/musu-specialisti\/"]}]},{"@type":"BreadcrumbList","@id":"https:\/\/skydream.lv\/lv\/musu-specialisti\/#breadcrumb","itemListElement":[{"@type":"ListItem","position":1,"name":"Home","item":"https:\/\/skydream.lv\/lv\/"},{"@type":"ListItem","position":2,"name":"M\u016bsu komanda"}]},{"@type":"WebSite","@id":"https:\/\/skydream.lv\/lv\/#website","url":"https:\/\/skydream.lv\/lv\/","name":"sky-dream","description":"","potentialAction":[{"@type":"SearchAction","target":{"@type":"EntryPoint","urlTemplate":"https:\/\/skydream.lv\/lv\/?s={search_term_string}"},"query-input":{"@type":"PropertyValueSpecification","valueRequired":true,"valueName":"search_term_string"}}],"inLanguage":"lv-LV"}]}},"_links":{"self":[{"href":"https:\/\/skydream.lv\/lv\/wp-json\/wp\/v2\/pages\/4396","targetHints":{"allow":["GET"]}}],"collection":[{"href":"https:\/\/skydream.lv\/lv\/wp-json\/wp\/v2\/pages"}],"about":[{"href":"https:\/\/skydream.lv\/lv\/wp-json\/wp\/v2\/types\/page"}],"author":[{"embeddable":true,"href":"https:\/\/skydream.lv\/lv\/wp-json\/wp\/v2\/users\/1"}],"replies":[{"embeddable":true,"href":"https:\/\/skydream.lv\/lv\/wp-json\/wp\/v2\/comments?post=4396"}],"version-history":[{"count":1,"href":"https:\/\/skydream.lv\/lv\/wp-json\/wp\/v2\/pages\/4396\/revisions"}],"predecessor-version":[{"id":4397,"href":"https:\/\/skydream.lv\/lv\/wp-json\/wp\/v2\/pages\/4396\/revisions\/4397"}],"wp:attachment":[{"href":"https:\/\/skydream.lv\/lv\/wp-json\/wp\/v2\/media?parent=4396"}],"curies":[{"name":"wp","href":"https:\/\/api.w.org\/{rel}","templated":true}]}}